{"id":2,"date":"2026-02-10T18:03:42","date_gmt":"2026-02-10T18:03:42","guid":{"rendered":"https:\/\/grazspieltstevereich.at\/?page_id=2"},"modified":"2026-02-11T20:32:23","modified_gmt":"2026-02-11T20:32:23","slug":"graz-spielt-steve-reich","status":"publish","type":"page","link":"https:\/\/grazspieltstevereich.at\/","title":{"rendered":"GRAZ spielt STEVE REICH"},"content":{"rendered":"\t\t<div data-elementor-type=\"wp-page\" data-elementor-id=\"2\" class=\"elementor elementor-2\">\n\t\t\t\t<div class=\"elementor-element elementor-element-56b50ec1 e-flex e-con-boxed e-con e-parent\" data-id=\"56b50ec1\" data-element_type=\"container\" data-e-type=\"container\">\n\t\t\t\t\t<div class=\"e-con-inner\">\n\t\t<div class=\"elementor-element elementor-element-890e68c e-con-full e-flex e-con e-child\" data-id=\"890e68c\" data-element_type=\"container\" data-e-type=\"container\">\n\t\t\t\t<div class=\"elementor-element elementor-element-e33dafd elementor-widget elementor-widget-image\" data-id=\"e33dafd\" data-element_type=\"widget\" data-e-type=\"widget\" data-widget_type=\"image.default\">\n\t\t\t\t\t\t\t\t\t\t\t\t\t\t\t<img fetchpriority=\"high\" decoding=\"async\" width=\"1450\" height=\"1278\" src=\"https:\/\/grazspieltstevereich.at\/wp-content\/uploads\/2026\/02\/SteveReich-Sig23M.jpg\" class=\"attachment-full size-full wp-image-88\" alt=\"\" srcset=\"https:\/\/grazspieltstevereich.at\/wp-content\/uploads\/2026\/02\/SteveReich-Sig23M.jpg 1450w, https:\/\/grazspieltstevereich.at\/wp-content\/uploads\/2026\/02\/SteveReich-Sig23M-300x264.jpg 300w, https:\/\/grazspieltstevereich.at\/wp-content\/uploads\/2026\/02\/SteveReich-Sig23M-1024x903.jpg 1024w, https:\/\/grazspieltstevereich.at\/wp-content\/uploads\/2026\/02\/SteveReich-Sig23M-768x677.jpg 768w\" sizes=\"(max-width: 1450px) 100vw, 1450px\" \/>\t\t\t\t\t\t\t\t\t\t\t\t\t\t\t<\/div>\n\t\t\t\t<\/div>\n\t\t\t\t<div class=\"elementor-element elementor-element-1634a6ef elementor-widget elementor-widget-text-editor\" data-id=\"1634a6ef\" data-element_type=\"widget\" data-e-type=\"widget\" data-widget_type=\"text-editor.default\">\n\t\t\t\t\t\t\t\t\t<h5>Steve Reich ist eine lebende Legende. <br>Er gilt als der bedeutendste lebende Komponist Amerikas und <br>als einer der originellsten musikalischen Denker unserer Zeit.<\/h5>\n<h5><span style=\"font-weight: normal;\">Graz steht seit der Kulturhauptstadt Europas 2003 f\u00fcr kulturelle Innovationskraft, Offenheit und hohe Lebensqualit\u00e4t.<\/span><br><span style=\"font-weight: normal;\">Mit der ganzt\u00e4gigen und fl\u00e4chenweiten Produktion <\/span>\u201eGRAZ spielt STEVE REICH\u201c<span style=\"font-weight: normal;\"> kn\u00fcpfen wir bewusst an dieses Profil an und schaffen ein Kulturereignis, das weit \u00fcber den klassischen Konzert- und Veranstaltungsrahmen hinausgeht.<\/span><\/h5>\n<p><!-- \/wp:paragraph --><\/p>\t\t\t\t\t\t\t\t<\/div>\n\t\t\t\t<div class=\"elementor-element elementor-element-072f12c elementor-widget-divider--view-line elementor-widget elementor-widget-divider\" data-id=\"072f12c\" data-element_type=\"widget\" data-e-type=\"widget\" data-widget_type=\"divider.default\">\n\t\t\t\t\t\t\t<div class=\"elementor-divider\">\n\t\t\t<span class=\"elementor-divider-separator\">\n\t\t\t\t\t\t<\/span>\n\t\t<\/div>\n\t\t\t\t\t\t<\/div>\n\t\t\t\t<div class=\"elementor-element elementor-element-36446a7 elementor-widget elementor-widget-text-editor\" data-id=\"36446a7\" data-element_type=\"widget\" data-e-type=\"widget\" data-widget_type=\"text-editor.default\">\n\t\t\t\t\t\t\t\t\t<h5><span style=\"caret-color: rgb(0, 0, 0); color: rgb(0, 0, 0); font-family: Aptos, sans-serif; font-size: 16px; font-style: normal; font-variant-caps: normal;\">Steve Reich is a living legend. <br>He is regarded as the most important living composer in America and <br>as one of the most original musical thinkers of our time.<\/span><\/h5>\n<h5><span style=\"font-weight: normal; caret-color: rgb(0, 0, 0); color: rgb(0, 0, 0); font-family: Aptos, sans-serif; font-size: 16px; font-style: normal; font-variant-caps: normal;\">Since being named European Capital of Culture in 2003, Graz has stood for cultural innovation, openness, and a high quality of life.<span class=\"Apple-converted-space\">&nbsp;<\/span><\/span><br style=\"caret-color: #000000; color: #000000; font-family: Aptos, sans-serif; font-size: 16px;\"><span style=\"font-weight: normal; caret-color: rgb(0, 0, 0); color: rgb(0, 0, 0); font-family: Aptos, sans-serif; font-size: 16px; font-style: normal; font-variant-caps: normal;\">With the full-day, city-wide production<span class=\"Apple-converted-space\">&nbsp;<\/span><\/span><span style=\"caret-color: rgb(0, 0, 0); color: rgb(0, 0, 0); font-family: Aptos, sans-serif; font-size: 16px; font-style: normal; font-variant-caps: normal;\">\u201cGRAZ plays STEVE REICH\u201d<\/span><span style=\"font-weight: normal; caret-color: rgb(0, 0, 0); color: rgb(0, 0, 0); font-family: Aptos, sans-serif; font-size: 16px; font-style: normal; font-variant-caps: normal;\">, we consciously build on this profile and create a cultural event that reaches far beyond the traditional concert and event format.<\/span><\/h5>\t\t\t\t\t\t\t\t<\/div>\n\t\t\t\t<div class=\"elementor-element elementor-element-39bc74b elementor-widget-divider--view-line elementor-widget elementor-widget-divider\" data-id=\"39bc74b\" data-element_type=\"widget\" data-e-type=\"widget\" data-widget_type=\"divider.default\">\n\t\t\t\t\t\t\t<div class=\"elementor-divider\">\n\t\t\t<span class=\"elementor-divider-separator\">\n\t\t\t\t\t\t<\/span>\n\t\t<\/div>\n\t\t\t\t\t\t<\/div>\n\t\t\t\t<div class=\"elementor-element elementor-element-d62ab46 elementor-widget elementor-widget-text-editor\" data-id=\"d62ab46\" data-element_type=\"widget\" data-e-type=\"widget\" data-widget_type=\"text-editor.default\">\n\t\t\t\t\t\t\t\t\t<p><span style=\"caret-color: #000000; color: #000000; font-family: 'Segoe UI Emoji', sans-serif; font-size: 14.6667px; font-style: normal; font-variant-caps: normal; font-weight: 400;\">Programm: Samstag 03.10.2026 von 00:00 \u2013 24:00<\/span><br style=\"caret-color: #000000; color: #000000; font-family: 'Segoe UI Emoji', sans-serif; font-size: 14.6667px;\"><span style=\"caret-color: #000000; color: #000000; font-family: 'Segoe UI Emoji', sans-serif; font-size: 14.6667px; font-style: normal; font-variant-caps: normal; font-weight: 400;\">Contact:<span class=\"Apple-converted-space\">&nbsp;<\/span><\/span><a style=\"color: blue; text-decoration-line: underline; font-family: 'Segoe UI Emoji', sans-serif; font-size: 14.6667px; font-style: normal; font-variant-caps: normal; font-weight: 400;\" href=\"mailto:office@studiopercussion.com\">office@studiopercussion.com<\/a><\/p>\t\t\t\t\t\t\t\t<\/div>\n\t\t\t\t<div class=\"elementor-element elementor-element-2347e81 elementor-widget-divider--view-line elementor-widget elementor-widget-divider\" data-id=\"2347e81\" data-element_type=\"widget\" data-e-type=\"widget\" data-widget_type=\"divider.default\">\n\t\t\t\t\t\t\t<div class=\"elementor-divider\">\n\t\t\t<span class=\"elementor-divider-separator\">\n\t\t\t\t\t\t<\/span>\n\t\t<\/div>\n\t\t\t\t\t\t<\/div>\n\t\t\t\t<div class=\"elementor-element elementor-element-d3f4d35 elementor-widget elementor-widget-text-editor\" data-id=\"d3f4d35\" data-element_type=\"widget\" data-e-type=\"widget\" data-widget_type=\"text-editor.default\">\n\t\t\t\t\t\t\t\t\t<p><span style=\"font-size: 14px;\">Copyright \u00a9 2026\u00a0<\/span><a style=\"font-size: 14px; background-color: #ffffff;\" title=\"STUDIO PERCUSSION graz\" href=\"https:\/\/www.studiopercussion.com\/\">STUDIO PERCUSSION graz<\/a><span style=\"font-size: 14px;\">. All rights reserved. |\u00a0<\/span><a style=\"font-size: 14px; background-color: #ffffff;\" href=\"https:\/\/www.studiopercussion.com\/?page_id=11701\" target=\"_blank\" rel=\"noopener\">Impressum<\/a><\/p>\t\t\t\t\t\t\t\t<\/div>\n\t\t\t\t\t<\/div>\n\t\t\t\t<\/div>\n\t\t\t\t<\/div>\n\t\t","protected":false},"excerpt":{"rendered":"<p>Steve Reich ist eine lebende Legende. Er gilt als der bedeutendste lebende Komponist Amerikas und als einer der originellsten musikalischen Denker unserer Zeit. Graz steht seit der Kulturhauptstadt Europas 2003 f\u00fcr kulturelle Innovationskraft, Offenheit und hohe Lebensqualit\u00e4t.Mit der ganzt\u00e4gigen und fl\u00e4chenweiten Produktion \u201eGRAZ spielt STEVE REICH\u201c kn\u00fcpfen wir bewusst an dieses Profil an und schaffen [&hellip;]<\/p>\n","protected":false},"author":1,"featured_media":0,"parent":0,"menu_order":0,"comment_status":"closed","ping_status":"closed","template":"","meta":{"ocean_post_layout":"full-width","ocean_both_sidebars_style":"","ocean_both_sidebars_content_width":0,"ocean_both_sidebars_sidebars_width":0,"ocean_sidebar":"","ocean_second_sidebar":"","ocean_disable_margins":"on","ocean_add_body_class":"","ocean_shortcode_before_top_bar":"","ocean_shortcode_after_top_bar":"","ocean_shortcode_before_header":"","ocean_shortcode_after_header":"","ocean_has_shortcode":"","ocean_shortcode_after_title":"","ocean_shortcode_before_footer_widgets":"","ocean_shortcode_after_footer_widgets":"","ocean_shortcode_before_footer_bottom":"","ocean_shortcode_after_footer_bottom":"","ocean_display_top_bar":"off","ocean_display_header":"off","ocean_header_style":"","ocean_center_header_left_menu":"","ocean_custom_header_template":"","ocean_custom_logo":0,"ocean_custom_retina_logo":0,"ocean_custom_logo_max_width":0,"ocean_custom_logo_tablet_max_width":0,"ocean_custom_logo_mobile_max_width":0,"ocean_custom_logo_max_height":0,"ocean_custom_logo_tablet_max_height":0,"ocean_custom_logo_mobile_max_height":0,"ocean_header_custom_menu":"","ocean_menu_typo_font_family":"","ocean_menu_typo_font_subset":"","ocean_menu_typo_font_size":0,"ocean_menu_typo_font_size_tablet":0,"ocean_menu_typo_font_size_mobile":0,"ocean_menu_typo_font_size_unit":"px","ocean_menu_typo_font_weight":"","ocean_menu_typo_font_weight_tablet":"","ocean_menu_typo_font_weight_mobile":"","ocean_menu_typo_transform":"","ocean_menu_typo_transform_tablet":"","ocean_menu_typo_transform_mobile":"","ocean_menu_typo_line_height":0,"ocean_menu_typo_line_height_tablet":0,"ocean_menu_typo_line_height_mobile":0,"ocean_menu_typo_line_height_unit":"","ocean_menu_typo_spacing":0,"ocean_menu_typo_spacing_tablet":0,"ocean_menu_typo_spacing_mobile":0,"ocean_menu_typo_spacing_unit":"","ocean_menu_link_color":"","ocean_menu_link_color_hover":"","ocean_menu_link_color_active":"","ocean_menu_link_background":"","ocean_menu_link_hover_background":"","ocean_menu_link_active_background":"","ocean_menu_social_links_bg":"","ocean_menu_social_hover_links_bg":"","ocean_menu_social_links_color":"","ocean_menu_social_hover_links_color":"","ocean_disable_title":"on","ocean_disable_heading":"on","ocean_post_title":"","ocean_post_subheading":"","ocean_post_title_style":"","ocean_post_title_background_color":"","ocean_post_title_background":0,"ocean_post_title_bg_image_position":"","ocean_post_title_bg_image_attachment":"","ocean_post_title_bg_image_repeat":"","ocean_post_title_bg_image_size":"","ocean_post_title_height":0,"ocean_post_title_bg_overlay":0.5,"ocean_post_title_bg_overlay_color":"","ocean_disable_breadcrumbs":"default","ocean_breadcrumbs_color":"","ocean_breadcrumbs_separator_color":"","ocean_breadcrumbs_links_color":"","ocean_breadcrumbs_links_hover_color":"","ocean_display_footer_widgets":"default","ocean_display_footer_bottom":"default","ocean_custom_footer_template":"","footnotes":""},"class_list":["post-2","page","type-page","status-publish","hentry","entry"],"yoast_head":"<!-- This site is optimized with the Yoast SEO plugin v27.3 - https:\/\/yoast.com\/product\/yoast-seo-wordpress\/ -->\n<title>GRAZ spielt STEVE REICH - Graz spielt Steve Reich<\/title>\n<meta name=\"description\" content=\"Steve Reich ist eine lebende Legende. Er gilt als der bedeutendste lebende Komponist Amerikas und als einer der originellsten musikalischen Denker unserer Zeit. Mit der ganzt\u00e4gigen und fl\u00e4chenweiten Produktion \u201eGRAZ spielt STEVE REICH\u201c schaffen wir ein Kulturereignis, das weit \u00fcber den klassischen Konzert- und Veranstaltungsrahmen hinausgeht.\" \/>\n<meta name=\"robots\" content=\"index, follow, max-snippet:-1, max-image-preview:large, max-video-preview:-1\" \/>\n<link rel=\"canonical\" href=\"https:\/\/grazspieltstevereich.at\/\" \/>\n<meta property=\"og:locale\" content=\"de_DE\" \/>\n<meta property=\"og:type\" content=\"article\" \/>\n<meta property=\"og:title\" content=\"GRAZ spielt STEVE REICH - Graz spielt Steve Reich\" \/>\n<meta property=\"og:description\" content=\"Steve Reich ist eine lebende Legende. Er gilt als der bedeutendste lebende Komponist Amerikas und als einer der originellsten musikalischen Denker unserer Zeit. Mit der ganzt\u00e4gigen und fl\u00e4chenweiten Produktion \u201eGRAZ spielt STEVE REICH\u201c schaffen wir ein Kulturereignis, das weit \u00fcber den klassischen Konzert- und Veranstaltungsrahmen hinausgeht.\" \/>\n<meta property=\"og:url\" content=\"https:\/\/grazspieltstevereich.at\/\" \/>\n<meta property=\"og:site_name\" content=\"Graz spielt Steve Reich\" \/>\n<meta property=\"article:modified_time\" content=\"2026-02-11T20:32:23+00:00\" \/>\n<meta property=\"og:image\" content=\"https:\/\/grazspieltstevereich.at\/wp-content\/uploads\/2026\/02\/SteveReich-Sig23M.jpg\" \/>\n\t<meta property=\"og:image:width\" content=\"1450\" \/>\n\t<meta property=\"og:image:height\" content=\"1278\" \/>\n\t<meta property=\"og:image:type\" content=\"image\/jpeg\" \/>\n<meta name=\"twitter:card\" content=\"summary_large_image\" \/>\n<meta name=\"twitter:label1\" content=\"Gesch\u00e4tzte Lesezeit\" \/>\n\t<meta name=\"twitter:data1\" content=\"1 Minute\" \/>\n<script type=\"application\/ld+json\" class=\"yoast-schema-graph\">{\"@context\":\"https:\\\/\\\/schema.org\",\"@graph\":[{\"@type\":\"WebPage\",\"@id\":\"https:\\\/\\\/grazspieltstevereich.at\\\/\",\"url\":\"https:\\\/\\\/grazspieltstevereich.at\\\/\",\"name\":\"GRAZ spielt STEVE REICH - Graz spielt Steve Reich\",\"isPartOf\":{\"@id\":\"https:\\\/\\\/grazspieltstevereich.at\\\/#website\"},\"primaryImageOfPage\":{\"@id\":\"https:\\\/\\\/grazspieltstevereich.at\\\/#primaryimage\"},\"image\":{\"@id\":\"https:\\\/\\\/grazspieltstevereich.at\\\/#primaryimage\"},\"thumbnailUrl\":\"https:\\\/\\\/grazspieltstevereich.at\\\/wp-content\\\/uploads\\\/2026\\\/02\\\/SteveReich-Sig23M.jpg\",\"datePublished\":\"2026-02-10T18:03:42+00:00\",\"dateModified\":\"2026-02-11T20:32:23+00:00\",\"description\":\"Steve Reich ist eine lebende Legende. Er gilt als der bedeutendste lebende Komponist Amerikas und als einer der originellsten musikalischen Denker unserer Zeit. Mit der ganzt\u00e4gigen und fl\u00e4chenweiten Produktion \u201eGRAZ spielt STEVE REICH\u201c schaffen wir ein Kulturereignis, das weit \u00fcber den klassischen Konzert- und Veranstaltungsrahmen hinausgeht.\",\"breadcrumb\":{\"@id\":\"https:\\\/\\\/grazspieltstevereich.at\\\/#breadcrumb\"},\"inLanguage\":\"de-AT\",\"potentialAction\":[{\"@type\":\"ReadAction\",\"target\":[\"https:\\\/\\\/grazspieltstevereich.at\\\/\"]}]},{\"@type\":\"ImageObject\",\"inLanguage\":\"de-AT\",\"@id\":\"https:\\\/\\\/grazspieltstevereich.at\\\/#primaryimage\",\"url\":\"https:\\\/\\\/grazspieltstevereich.at\\\/wp-content\\\/uploads\\\/2026\\\/02\\\/SteveReich-Sig23M.jpg\",\"contentUrl\":\"https:\\\/\\\/grazspieltstevereich.at\\\/wp-content\\\/uploads\\\/2026\\\/02\\\/SteveReich-Sig23M.jpg\",\"width\":1450,\"height\":1278},{\"@type\":\"BreadcrumbList\",\"@id\":\"https:\\\/\\\/grazspieltstevereich.at\\\/#breadcrumb\",\"itemListElement\":[{\"@type\":\"ListItem\",\"position\":1,\"name\":\"Startseite\",\"item\":\"https:\\\/\\\/grazspieltstevereich.at\\\/\"},{\"@type\":\"ListItem\",\"position\":2,\"name\":\"GRAZ spielt STEVE REICH\"}]},{\"@type\":\"WebSite\",\"@id\":\"https:\\\/\\\/grazspieltstevereich.at\\\/#website\",\"url\":\"https:\\\/\\\/grazspieltstevereich.at\\\/\",\"name\":\"Graz spielt Steve Reich\",\"description\":\"\",\"publisher\":{\"@id\":\"https:\\\/\\\/grazspieltstevereich.at\\\/#organization\"},\"potentialAction\":[{\"@type\":\"SearchAction\",\"target\":{\"@type\":\"EntryPoint\",\"urlTemplate\":\"https:\\\/\\\/grazspieltstevereich.at\\\/?s={search_term_string}\"},\"query-input\":{\"@type\":\"PropertyValueSpecification\",\"valueRequired\":true,\"valueName\":\"search_term_string\"}}],\"inLanguage\":\"de-AT\"},{\"@type\":\"Organization\",\"@id\":\"https:\\\/\\\/grazspieltstevereich.at\\\/#organization\",\"name\":\"Graz spielt Steve Reich\",\"url\":\"https:\\\/\\\/grazspieltstevereich.at\\\/\",\"logo\":{\"@type\":\"ImageObject\",\"inLanguage\":\"de-AT\",\"@id\":\"https:\\\/\\\/grazspieltstevereich.at\\\/#\\\/schema\\\/logo\\\/image\\\/\",\"url\":\"https:\\\/\\\/grazspieltstevereich.at\\\/wp-content\\\/uploads\\\/2026\\\/02\\\/SteveReich-Sig21.jpg\",\"contentUrl\":\"https:\\\/\\\/grazspieltstevereich.at\\\/wp-content\\\/uploads\\\/2026\\\/02\\\/SteveReich-Sig21.jpg\",\"width\":1079,\"height\":954,\"caption\":\"Graz spielt Steve Reich\"},\"image\":{\"@id\":\"https:\\\/\\\/grazspieltstevereich.at\\\/#\\\/schema\\\/logo\\\/image\\\/\"}}]}<\/script>\n<!-- \/ Yoast SEO plugin. -->","yoast_head_json":{"title":"GRAZ spielt STEVE REICH - Graz spielt Steve Reich","description":"Steve Reich ist eine lebende Legende. Er gilt als der bedeutendste lebende Komponist Amerikas und als einer der originellsten musikalischen Denker unserer Zeit. Mit der ganzt\u00e4gigen und fl\u00e4chenweiten Produktion \u201eGRAZ spielt STEVE REICH\u201c schaffen wir ein Kulturereignis, das weit \u00fcber den klassischen Konzert- und Veranstaltungsrahmen hinausgeht.","robots":{"index":"index","follow":"follow","max-snippet":"max-snippet:-1","max-image-preview":"max-image-preview:large","max-video-preview":"max-video-preview:-1"},"canonical":"https:\/\/grazspieltstevereich.at\/","og_locale":"de_DE","og_type":"article","og_title":"GRAZ spielt STEVE REICH - Graz spielt Steve Reich","og_description":"Steve Reich ist eine lebende Legende. Er gilt als der bedeutendste lebende Komponist Amerikas und als einer der originellsten musikalischen Denker unserer Zeit. Mit der ganzt\u00e4gigen und fl\u00e4chenweiten Produktion \u201eGRAZ spielt STEVE REICH\u201c schaffen wir ein Kulturereignis, das weit \u00fcber den klassischen Konzert- und Veranstaltungsrahmen hinausgeht.","og_url":"https:\/\/grazspieltstevereich.at\/","og_site_name":"Graz spielt Steve Reich","article_modified_time":"2026-02-11T20:32:23+00:00","og_image":[{"width":1450,"height":1278,"url":"https:\/\/grazspieltstevereich.at\/wp-content\/uploads\/2026\/02\/SteveReich-Sig23M.jpg","type":"image\/jpeg"}],"twitter_card":"summary_large_image","twitter_misc":{"Gesch\u00e4tzte Lesezeit":"1 Minute"},"schema":{"@context":"https:\/\/schema.org","@graph":[{"@type":"WebPage","@id":"https:\/\/grazspieltstevereich.at\/","url":"https:\/\/grazspieltstevereich.at\/","name":"GRAZ spielt STEVE REICH - Graz spielt Steve Reich","isPartOf":{"@id":"https:\/\/grazspieltstevereich.at\/#website"},"primaryImageOfPage":{"@id":"https:\/\/grazspieltstevereich.at\/#primaryimage"},"image":{"@id":"https:\/\/grazspieltstevereich.at\/#primaryimage"},"thumbnailUrl":"https:\/\/grazspieltstevereich.at\/wp-content\/uploads\/2026\/02\/SteveReich-Sig23M.jpg","datePublished":"2026-02-10T18:03:42+00:00","dateModified":"2026-02-11T20:32:23+00:00","description":"Steve Reich ist eine lebende Legende. Er gilt als der bedeutendste lebende Komponist Amerikas und als einer der originellsten musikalischen Denker unserer Zeit. Mit der ganzt\u00e4gigen und fl\u00e4chenweiten Produktion \u201eGRAZ spielt STEVE REICH\u201c schaffen wir ein Kulturereignis, das weit \u00fcber den klassischen Konzert- und Veranstaltungsrahmen hinausgeht.","breadcrumb":{"@id":"https:\/\/grazspieltstevereich.at\/#breadcrumb"},"inLanguage":"de-AT","potentialAction":[{"@type":"ReadAction","target":["https:\/\/grazspieltstevereich.at\/"]}]},{"@type":"ImageObject","inLanguage":"de-AT","@id":"https:\/\/grazspieltstevereich.at\/#primaryimage","url":"https:\/\/grazspieltstevereich.at\/wp-content\/uploads\/2026\/02\/SteveReich-Sig23M.jpg","contentUrl":"https:\/\/grazspieltstevereich.at\/wp-content\/uploads\/2026\/02\/SteveReich-Sig23M.jpg","width":1450,"height":1278},{"@type":"BreadcrumbList","@id":"https:\/\/grazspieltstevereich.at\/#breadcrumb","itemListElement":[{"@type":"ListItem","position":1,"name":"Startseite","item":"https:\/\/grazspieltstevereich.at\/"},{"@type":"ListItem","position":2,"name":"GRAZ spielt STEVE REICH"}]},{"@type":"WebSite","@id":"https:\/\/grazspieltstevereich.at\/#website","url":"https:\/\/grazspieltstevereich.at\/","name":"Graz spielt Steve Reich","description":"","publisher":{"@id":"https:\/\/grazspieltstevereich.at\/#organization"},"potentialAction":[{"@type":"SearchAction","target":{"@type":"EntryPoint","urlTemplate":"https:\/\/grazspieltstevereich.at\/?s={search_term_string}"},"query-input":{"@type":"PropertyValueSpecification","valueRequired":true,"valueName":"search_term_string"}}],"inLanguage":"de-AT"},{"@type":"Organization","@id":"https:\/\/grazspieltstevereich.at\/#organization","name":"Graz spielt Steve Reich","url":"https:\/\/grazspieltstevereich.at\/","logo":{"@type":"ImageObject","inLanguage":"de-AT","@id":"https:\/\/grazspieltstevereich.at\/#\/schema\/logo\/image\/","url":"https:\/\/grazspieltstevereich.at\/wp-content\/uploads\/2026\/02\/SteveReich-Sig21.jpg","contentUrl":"https:\/\/grazspieltstevereich.at\/wp-content\/uploads\/2026\/02\/SteveReich-Sig21.jpg","width":1079,"height":954,"caption":"Graz spielt Steve Reich"},"image":{"@id":"https:\/\/grazspieltstevereich.at\/#\/schema\/logo\/image\/"}}]}},"_links":{"self":[{"href":"https:\/\/grazspieltstevereich.at\/index.php?rest_route=\/wp\/v2\/pages\/2","targetHints":{"allow":["GET"]}}],"collection":[{"href":"https:\/\/grazspieltstevereich.at\/index.php?rest_route=\/wp\/v2\/pages"}],"about":[{"href":"https:\/\/grazspieltstevereich.at\/index.php?rest_route=\/wp\/v2\/types\/page"}],"author":[{"embeddable":true,"href":"https:\/\/grazspieltstevereich.at\/index.php?rest_route=\/wp\/v2\/users\/1"}],"replies":[{"embeddable":true,"href":"https:\/\/grazspieltstevereich.at\/index.php?rest_route=%2Fwp%2Fv2%2Fcomments&post=2"}],"version-history":[{"count":50,"href":"https:\/\/grazspieltstevereich.at\/index.php?rest_route=\/wp\/v2\/pages\/2\/revisions"}],"predecessor-version":[{"id":105,"href":"https:\/\/grazspieltstevereich.at\/index.php?rest_route=\/wp\/v2\/pages\/2\/revisions\/105"}],"wp:attachment":[{"href":"https:\/\/grazspieltstevereich.at\/index.php?rest_route=%2Fwp%2Fv2%2Fmedia&parent=2"}],"curies":[{"name":"wp","href":"https:\/\/api.w.org\/{rel}","templated":true}]}}